{"id":1371,"date":"2022-11-28T15:21:42","date_gmt":"2022-11-28T14:21:42","guid":{"rendered":"https:\/\/guillaumeleon.com\/?page_id=1371"},"modified":"2022-11-28T15:52:24","modified_gmt":"2022-11-28T14:52:24","slug":"tables","status":"publish","type":"page","link":"https:\/\/guillaumeleon.com\/index.php\/lampes-objects-deco\/tables\/","title":{"rendered":"TABLES"},"content":{"rendered":"\t\t<div data-elementor-type=\"wp-page\" data-elementor-id=\"1371\" class=\"elementor elementor-1371\">\n\t\t\t\t\t\t<section class=\"elementor-section elementor-top-section elementor-element elementor-element-9b6659f elementor-section-full_width elementor-section-stretched elementor-section-height-default elementor-section-height-default\" data-id=\"9b6659f\" data-element_type=\"section\" data-e-type=\"section\" data-settings=\"{&quot;background_background&quot;:&quot;gradient&quot;,&quot;stretch_section&quot;:&quot;section-stretched&quot;}\">\n\t\t\t\t\t\t<div class=\"elementor-container elementor-column-gap-default\">\n\t\t\t\t\t<div class=\"elementor-column elementor-col-100 elementor-top-column elementor-element elementor-element-a4c9af0\" data-id=\"a4c9af0\" data-element_type=\"column\" data-e-type=\"column\">\n\t\t\t<div class=\"elementor-widget-wrap elementor-element-populated\">\n\t\t\t\t\t\t<div class=\"elementor-element elementor-element-40e7f3e elementor-hidden-mobile elementor-widget elementor-widget-spacer\" data-id=\"40e7f3e\" data-element_type=\"widget\" data-e-type=\"widget\" data-widget_type=\"spacer.default\">\n\t\t\t\t<div class=\"elementor-widget-container\">\n\t\t\t\t\t\t\t<div class=\"elementor-spacer\">\n\t\t\t<div class=\"elementor-spacer-inner\"><\/div>\n\t\t<\/div>\n\t\t\t\t\t\t<\/div>\n\t\t\t\t<\/div>\n\t\t\t\t<div class=\"elementor-element elementor-element-ded2271 elementor-widget elementor-widget-heading\" data-id=\"ded2271\" data-element_type=\"widget\" data-e-type=\"widget\" data-widget_type=\"heading.default\">\n\t\t\t\t<div class=\"elementor-widget-container\">\n\t\t\t\t\t<h2 class=\"elementor-heading-title elementor-size-default\">TABLES\n<\/h2>\t\t\t\t<\/div>\n\t\t\t\t<\/div>\n\t\t\t\t<div class=\"elementor-element elementor-element-cf937ca elementor-hidden-mobile elementor-widget-divider--separator-type-pattern elementor-widget-divider--bg-round elementor-widget-divider--view-line elementor-widget elementor-widget-divider\" data-id=\"cf937ca\" data-element_type=\"widget\" data-e-type=\"widget\" data-widget_type=\"divider.default\">\n\t\t\t\t<div class=\"elementor-widget-container\">\n\t\t\t\t\t\t\t<div class=\"elementor-divider\" style=\"--divider-pattern-url: url(&quot;data:image\/svg+xml,%3Csvg xmlns=&#039;http:\/\/www.w3.org\/2000\/svg&#039; preserveAspectRatio=&#039;none&#039; overflow=&#039;visible&#039; height=&#039;100%&#039; viewBox=&#039;0 0 60 30&#039; fill=&#039;black&#039; stroke=&#039;none&#039;%3E%3Crect x=&#039;15&#039; y=&#039;0&#039; width=&#039;30&#039; height=&#039;30&#039;\/%3E%3C\/svg%3E&quot;);\">\n\t\t\t<span class=\"elementor-divider-separator\">\n\t\t\t\t\t\t<\/span>\n\t\t<\/div>\n\t\t\t\t\t\t<\/div>\n\t\t\t\t<\/div>\n\t\t\t\t<section class=\"elementor-section elementor-inner-section elementor-element elementor-element-76ae187 elementor-section-boxed elementor-section-height-default elementor-section-height-default\" data-id=\"76ae187\" data-element_type=\"section\" data-e-type=\"section\" data-settings=\"{&quot;background_background&quot;:&quot;gradient&quot;}\">\n\t\t\t\t\t\t<div class=\"elementor-container elementor-column-gap-default\">\n\t\t\t\t\t<div class=\"elementor-column elementor-col-50 elementor-inner-column elementor-element elementor-element-5a2801d\" data-id=\"5a2801d\" data-element_type=\"column\" data-e-type=\"column\">\n\t\t\t<div class=\"elementor-widget-wrap elementor-element-populated\">\n\t\t\t\t\t\t<div class=\"elementor-element elementor-element-3de4d6e elementor-widget elementor-widget-image\" data-id=\"3de4d6e\" data-element_type=\"widget\" data-e-type=\"widget\" data-widget_type=\"image.default\">\n\t\t\t\t<div class=\"elementor-widget-container\">\n\t\t\t\t\t\t\t\t\t\t\t\t<figure class=\"wp-caption\">\n\t\t\t\t\t\t\t\t\t\t\t<a href=\"https:\/\/guillaumeleon.com\/wp-content\/uploads\/2022\/11\/table-pates-dragon.jpg\" data-elementor-open-lightbox=\"yes\" data-elementor-lightbox-title=\"table-pates-dragon\" data-e-action-hash=\"#elementor-action%3Aaction%3Dlightbox%26settings%3DeyJpZCI6MTA5MywidXJsIjoiaHR0cHM6XC9cL2d1aWxsYXVtZWxlb24uY29tXC93cC1jb250ZW50XC91cGxvYWRzXC8yMDIyXC8xMVwvdGFibGUtcGF0ZXMtZHJhZ29uLmpwZyJ9\">\n\t\t\t\t\t\t\t<img fetchpriority=\"high\" decoding=\"async\" width=\"900\" height=\"659\" src=\"https:\/\/guillaumeleon.com\/wp-content\/uploads\/2022\/11\/table-pates-dragon.jpg\" class=\"attachment-full size-full wp-image-1093\" alt=\"\" srcset=\"https:\/\/guillaumeleon.com\/wp-content\/uploads\/2022\/11\/table-pates-dragon.jpg 900w, https:\/\/guillaumeleon.com\/wp-content\/uploads\/2022\/11\/table-pates-dragon-300x220.jpg 300w, https:\/\/guillaumeleon.com\/wp-content\/uploads\/2022\/11\/table-pates-dragon-768x562.jpg 768w\" sizes=\"(max-width: 900px) 100vw, 900px\" \/>\t\t\t\t\t\t\t\t<\/a>\n\t\t\t\t\t\t\t\t\t\t\t<figcaption class=\"widget-image-caption wp-caption-text\"><\/figcaption>\n\t\t\t\t\t\t\t\t\t\t<\/figure>\n\t\t\t\t\t\t\t\t\t<\/div>\n\t\t\t\t<\/div>\n\t\t\t\t<div class=\"elementor-element elementor-element-b61fe4c elementor-widget elementor-widget-text-editor\" data-id=\"b61fe4c\" data-element_type=\"widget\" data-e-type=\"widget\" data-widget_type=\"text-editor.default\">\n\t\t\t\t<div class=\"elementor-widget-container\">\n\t\t\t\t\t\t\t\t\t<p><span style=\"text-decoration: underline;\"><strong>TABLE AU GRIFFES.<\/strong><\/span><\/p><p>plateau en fr\u00eane 15cm<\/p><p>hauteur: 60cm. diam\u00e8tre: 90cm environ<\/p>\t\t\t\t\t\t\t\t<\/div>\n\t\t\t\t<\/div>\n\t\t\t\t<div class=\"elementor-element elementor-element-a315236 elementor-widget elementor-widget-image\" data-id=\"a315236\" data-element_type=\"widget\" data-e-type=\"widget\" data-widget_type=\"image.default\">\n\t\t\t\t<div class=\"elementor-widget-container\">\n\t\t\t\t\t\t\t\t\t\t\t\t<figure class=\"wp-caption\">\n\t\t\t\t\t\t\t\t\t\t\t<a href=\"https:\/\/guillaumeleon.com\/wp-content\/uploads\/2022\/11\/table-motif-celtique-1.jpg\" data-elementor-open-lightbox=\"yes\" data-elementor-lightbox-title=\"table-motif celtique (1)\" data-e-action-hash=\"#elementor-action%3Aaction%3Dlightbox%26settings%3DeyJpZCI6MTA5NiwidXJsIjoiaHR0cHM6XC9cL2d1aWxsYXVtZWxlb24uY29tXC93cC1jb250ZW50XC91cGxvYWRzXC8yMDIyXC8xMVwvdGFibGUtbW90aWYtY2VsdGlxdWUtMS5qcGcifQ%3D%3D\">\n\t\t\t\t\t\t\t<img decoding=\"async\" width=\"729\" height=\"900\" src=\"https:\/\/guillaumeleon.com\/wp-content\/uploads\/2022\/11\/table-motif-celtique-1.jpg\" class=\"attachment-full size-full wp-image-1096\" alt=\"\" srcset=\"https:\/\/guillaumeleon.com\/wp-content\/uploads\/2022\/11\/table-motif-celtique-1.jpg 729w, https:\/\/guillaumeleon.com\/wp-content\/uploads\/2022\/11\/table-motif-celtique-1-243x300.jpg 243w\" sizes=\"(max-width: 729px) 100vw, 729px\" \/>\t\t\t\t\t\t\t\t<\/a>\n\t\t\t\t\t\t\t\t\t\t\t<figcaption class=\"widget-image-caption wp-caption-text\"><\/figcaption>\n\t\t\t\t\t\t\t\t\t\t<\/figure>\n\t\t\t\t\t\t\t\t\t<\/div>\n\t\t\t\t<\/div>\n\t\t\t\t<div class=\"elementor-element elementor-element-9b40f5b elementor-widget elementor-widget-text-editor\" data-id=\"9b40f5b\" data-element_type=\"widget\" data-e-type=\"widget\" data-widget_type=\"text-editor.default\">\n\t\t\t\t<div class=\"elementor-widget-container\">\n\t\t\t\t\t\t\t\t\t<p><span style=\"text-decoration: underline;\"><strong>TABLE MOTIF CELTIQUE.<\/strong><\/span><\/p><p>acier forg\u00e9\/verre 75x55x45cm<\/p>\t\t\t\t\t\t\t\t<\/div>\n\t\t\t\t<\/div>\n\t\t\t\t\t<\/div>\n\t\t<\/div>\n\t\t\t\t<div class=\"elementor-column elementor-col-50 elementor-inner-column elementor-element elementor-element-8db4130\" data-id=\"8db4130\" data-element_type=\"column\" data-e-type=\"column\">\n\t\t\t<div class=\"elementor-widget-wrap elementor-element-populated\">\n\t\t\t\t\t\t<div class=\"elementor-element elementor-element-b878206 elementor-widget elementor-widget-image\" data-id=\"b878206\" data-element_type=\"widget\" data-e-type=\"widget\" data-widget_type=\"image.default\">\n\t\t\t\t<div class=\"elementor-widget-container\">\n\t\t\t\t\t\t\t\t\t\t\t\t<figure class=\"wp-caption\">\n\t\t\t\t\t\t\t\t\t\t\t<a href=\"https:\/\/guillaumeleon.com\/wp-content\/uploads\/2022\/11\/table-100x100-1.jpg\" data-elementor-open-lightbox=\"yes\" data-elementor-lightbox-title=\"table-100x100\" data-e-action-hash=\"#elementor-action%3Aaction%3Dlightbox%26settings%3DeyJpZCI6MTA5NSwidXJsIjoiaHR0cHM6XC9cL2d1aWxsYXVtZWxlb24uY29tXC93cC1jb250ZW50XC91cGxvYWRzXC8yMDIyXC8xMVwvdGFibGUtMTAweDEwMC0xLmpwZyJ9\">\n\t\t\t\t\t\t\t<img decoding=\"async\" width=\"900\" height=\"702\" src=\"https:\/\/guillaumeleon.com\/wp-content\/uploads\/2022\/11\/table-100x100-1.jpg\" class=\"attachment-full size-full wp-image-1095\" alt=\"\" srcset=\"https:\/\/guillaumeleon.com\/wp-content\/uploads\/2022\/11\/table-100x100-1.jpg 900w, https:\/\/guillaumeleon.com\/wp-content\/uploads\/2022\/11\/table-100x100-1-300x234.jpg 300w, https:\/\/guillaumeleon.com\/wp-content\/uploads\/2022\/11\/table-100x100-1-768x599.jpg 768w\" sizes=\"(max-width: 900px) 100vw, 900px\" \/>\t\t\t\t\t\t\t\t<\/a>\n\t\t\t\t\t\t\t\t\t\t\t<figcaption class=\"widget-image-caption wp-caption-text\"><\/figcaption>\n\t\t\t\t\t\t\t\t\t\t<\/figure>\n\t\t\t\t\t\t\t\t\t<\/div>\n\t\t\t\t<\/div>\n\t\t\t\t<div class=\"elementor-element elementor-element-d21a761 elementor-widget elementor-widget-image\" data-id=\"d21a761\" data-element_type=\"widget\" data-e-type=\"widget\" data-widget_type=\"image.default\">\n\t\t\t\t<div class=\"elementor-widget-container\">\n\t\t\t\t\t\t\t\t\t\t\t\t<figure class=\"wp-caption\">\n\t\t\t\t\t\t\t\t\t\t\t<a href=\"https:\/\/guillaumeleon.com\/wp-content\/uploads\/2022\/11\/table-100x100.detail.jpg\" data-elementor-open-lightbox=\"yes\" data-elementor-lightbox-title=\"table-100x100.d\u00e9tail\" data-e-action-hash=\"#elementor-action%3Aaction%3Dlightbox%26settings%3DeyJpZCI6MTA5NCwidXJsIjoiaHR0cHM6XC9cL2d1aWxsYXVtZWxlb24uY29tXC93cC1jb250ZW50XC91cGxvYWRzXC8yMDIyXC8xMVwvdGFibGUtMTAweDEwMC5kZXRhaWwuanBnIn0%3D\">\n\t\t\t\t\t\t\t<img loading=\"lazy\" decoding=\"async\" width=\"675\" height=\"450\" src=\"https:\/\/guillaumeleon.com\/wp-content\/uploads\/2022\/11\/table-100x100.detail-675x450.jpg\" class=\"attachment-ocean-thumb-ml size-ocean-thumb-ml wp-image-1094\" alt=\"\" \/>\t\t\t\t\t\t\t\t<\/a>\n\t\t\t\t\t\t\t\t\t\t\t<figcaption class=\"widget-image-caption wp-caption-text\"><\/figcaption>\n\t\t\t\t\t\t\t\t\t\t<\/figure>\n\t\t\t\t\t\t\t\t\t<\/div>\n\t\t\t\t<\/div>\n\t\t\t\t<div class=\"elementor-element elementor-element-6aa330d elementor-widget elementor-widget-text-editor\" data-id=\"6aa330d\" data-element_type=\"widget\" data-e-type=\"widget\" data-widget_type=\"text-editor.default\">\n\t\t\t\t<div class=\"elementor-widget-container\">\n\t\t\t\t\t\t\t\t\t<p><span style=\"text-decoration: underline;\"><strong>TABLE CARR\u00c9E.<br \/><\/strong><\/span><\/p><p>t\u00f4le peinte 3mm<\/p><p>100x100x55cm<\/p>\t\t\t\t\t\t\t\t<\/div>\n\t\t\t\t<\/div>\n\t\t\t\t<div class=\"elementor-element elementor-element-62045d3 elementor-widget elementor-widget-image\" data-id=\"62045d3\" data-element_type=\"widget\" data-e-type=\"widget\" data-widget_type=\"image.default\">\n\t\t\t\t<div class=\"elementor-widget-container\">\n\t\t\t\t\t\t\t\t\t\t\t\t<figure class=\"wp-caption\">\n\t\t\t\t\t\t\t\t\t\t\t<a href=\"https:\/\/guillaumeleon.com\/wp-content\/uploads\/2022\/11\/table-motif-celtique-4.jpg\" data-elementor-open-lightbox=\"yes\" data-elementor-lightbox-title=\"table-motif celtique (4)\" data-e-action-hash=\"#elementor-action%3Aaction%3Dlightbox%26settings%3DeyJpZCI6MTA5OCwidXJsIjoiaHR0cHM6XC9cL2d1aWxsYXVtZWxlb24uY29tXC93cC1jb250ZW50XC91cGxvYWRzXC8yMDIyXC8xMVwvdGFibGUtbW90aWYtY2VsdGlxdWUtNC5qcGcifQ%3D%3D\">\n\t\t\t\t\t\t\t<img loading=\"lazy\" decoding=\"async\" width=\"675\" height=\"450\" src=\"https:\/\/guillaumeleon.com\/wp-content\/uploads\/2022\/11\/table-motif-celtique-4-675x450.jpg\" class=\"attachment-ocean-thumb-ml size-ocean-thumb-ml wp-image-1098\" alt=\"\" \/>\t\t\t\t\t\t\t\t<\/a>\n\t\t\t\t\t\t\t\t\t\t\t<figcaption class=\"widget-image-caption wp-caption-text\"><\/figcaption>\n\t\t\t\t\t\t\t\t\t\t<\/figure>\n\t\t\t\t\t\t\t\t\t<\/div>\n\t\t\t\t<\/div>\n\t\t\t\t\t<\/div>\n\t\t<\/div>\n\t\t\t\t\t<\/div>\n\t\t<\/section>\n\t\t\t\t<section class=\"elementor-section elementor-inner-section elementor-element elementor-element-9726cd7 elementor-section-full_width elementor-section-height-default elementor-section-height-default\" data-id=\"9726cd7\" data-element_type=\"section\" data-e-type=\"section\" data-settings=\"{&quot;background_background&quot;:&quot;classic&quot;}\">\n\t\t\t\t\t\t<div class=\"elementor-container elementor-column-gap-default\">\n\t\t\t\t\t<div class=\"elementor-column elementor-col-50 elementor-inner-column elementor-element elementor-element-e2b7a55\" data-id=\"e2b7a55\" data-element_type=\"column\" data-e-type=\"column\" data-settings=\"{&quot;background_background&quot;:&quot;classic&quot;}\">\n\t\t\t<div class=\"elementor-widget-wrap elementor-element-populated\">\n\t\t\t\t\t\t<div class=\"elementor-element elementor-element-5c12acd elementor-align-left elementor-button-info elementor-widget elementor-widget-button\" data-id=\"5c12acd\" data-element_type=\"widget\" data-e-type=\"widget\" data-widget_type=\"button.default\">\n\t\t\t\t<div class=\"elementor-widget-container\">\n\t\t\t\t\t\t\t\t\t<div class=\"elementor-button-wrapper\">\n\t\t\t\t\t<a class=\"elementor-button elementor-button-link elementor-size-sm\" href=\"https:\/\/guillaumeleon.com\/index.php\/lampes-objects-deco\/miroirs\/\">\n\t\t\t\t\t\t<span class=\"elementor-button-content-wrapper\">\n\t\t\t\t\t\t<span class=\"elementor-button-icon\">\n\t\t\t\t<i aria-hidden=\"true\" class=\"far fa-arrow-alt-circle-left\"><\/i>\t\t\t<\/span>\n\t\t\t\t\t\t\t\t\t<span class=\"elementor-button-text\">miroirs<\/span>\n\t\t\t\t\t<\/span>\n\t\t\t\t\t<\/a>\n\t\t\t\t<\/div>\n\t\t\t\t\t\t\t\t<\/div>\n\t\t\t\t<\/div>\n\t\t\t\t\t<\/div>\n\t\t<\/div>\n\t\t\t\t<div class=\"elementor-column elementor-col-50 elementor-inner-column elementor-element elementor-element-f69a17e\" data-id=\"f69a17e\" data-element_type=\"column\" data-e-type=\"column\" data-settings=\"{&quot;background_background&quot;:&quot;classic&quot;}\">\n\t\t\t<div class=\"elementor-widget-wrap elementor-element-populated\">\n\t\t\t\t\t\t<div class=\"elementor-element elementor-element-d9e5afa elementor-align-right elementor-button-info elementor-widget elementor-widget-button\" data-id=\"d9e5afa\" data-element_type=\"widget\" data-e-type=\"widget\" data-widget_type=\"button.default\">\n\t\t\t\t<div class=\"elementor-widget-container\">\n\t\t\t\t\t\t\t\t\t<div class=\"elementor-button-wrapper\">\n\t\t\t\t\t<a class=\"elementor-button elementor-button-link elementor-size-xs\" href=\"https:\/\/guillaumeleon.com\/index.php\/lampes-objects-deco\/\">\n\t\t\t\t\t\t<span class=\"elementor-button-content-wrapper\">\n\t\t\t\t\t\t<span class=\"elementor-button-icon\">\n\t\t\t\t<i aria-hidden=\"true\" class=\"far fa-arrow-alt-circle-right\"><\/i>\t\t\t<\/span>\n\t\t\t\t\t\t\t\t\t<span class=\"elementor-button-text\">TABLES<\/span>\n\t\t\t\t\t<\/span>\n\t\t\t\t\t<\/a>\n\t\t\t\t<\/div>\n\t\t\t\t\t\t\t\t<\/div>\n\t\t\t\t<\/div>\n\t\t\t\t\t<\/div>\n\t\t<\/div>\n\t\t\t\t\t<\/div>\n\t\t<\/section>\n\t\t\t\t\t<\/div>\n\t\t<\/div>\n\t\t\t\t\t<\/div>\n\t\t<\/section>\n\t\t\t\t<\/div>\n\t\t","protected":false},"excerpt":{"rendered":"<p>TABLES TABLE AU GRIFFES. plateau en fr\u00eane 15cm hauteur: 60cm. diam\u00e8tre: 90cm environ TABLE MOTIF CELTIQUE. acier forg\u00e9\/verre 75x55x45cm TABLE CARR\u00c9E. t\u00f4le peinte 3mm 100x100x55cm miroirs TABLES<\/p>\n","protected":false},"author":1,"featured_media":0,"parent":1092,"menu_order":0,"comment_status":"closed","ping_status":"closed","template":"","meta":{"ocean_post_layout":"","ocean_both_sidebars_style":"","ocean_both_sidebars_content_width":0,"ocean_both_sidebars_sidebars_width":0,"ocean_sidebar":"0","ocean_second_sidebar":"0","ocean_disable_margins":"enable","ocean_add_body_class":"","ocean_shortcode_before_top_bar":"","ocean_shortcode_after_top_bar":"","ocean_shortcode_before_header":"","ocean_shortcode_after_header":"","ocean_has_shortcode":"","ocean_shortcode_after_title":"","ocean_shortcode_before_footer_widgets":"","ocean_shortcode_after_footer_widgets":"","ocean_shortcode_before_footer_bottom":"","ocean_shortcode_after_footer_bottom":"","ocean_display_top_bar":"default","ocean_display_header":"default","ocean_header_style":"","ocean_center_header_left_menu":"0","ocean_custom_header_template":"0","ocean_custom_logo":0,"ocean_custom_retina_logo":0,"ocean_custom_logo_max_width":0,"ocean_custom_logo_tablet_max_width":0,"ocean_custom_logo_mobile_max_width":0,"ocean_custom_logo_max_height":0,"ocean_custom_logo_tablet_max_height":0,"ocean_custom_logo_mobile_max_height":0,"ocean_header_custom_menu":"0","ocean_menu_typo_font_family":"0","ocean_menu_typo_font_subset":"","ocean_menu_typo_font_size":0,"ocean_menu_typo_font_size_tablet":0,"ocean_menu_typo_font_size_mobile":0,"ocean_menu_typo_font_size_unit":"px","ocean_menu_typo_font_weight":"","ocean_menu_typo_font_weight_tablet":"","ocean_menu_typo_font_weight_mobile":"","ocean_menu_typo_transform":"","ocean_menu_typo_transform_tablet":"","ocean_menu_typo_transform_mobile":"","ocean_menu_typo_line_height":0,"ocean_menu_typo_line_height_tablet":0,"ocean_menu_typo_line_height_mobile":0,"ocean_menu_typo_line_height_unit":"","ocean_menu_typo_spacing":0,"ocean_menu_typo_spacing_tablet":0,"ocean_menu_typo_spacing_mobile":0,"ocean_menu_typo_spacing_unit":"","ocean_menu_link_color":"","ocean_menu_link_color_hover":"","ocean_menu_link_color_active":"","ocean_menu_link_background":"","ocean_menu_link_hover_background":"","ocean_menu_link_active_background":"","ocean_menu_social_links_bg":"","ocean_menu_social_hover_links_bg":"","ocean_menu_social_links_color":"","ocean_menu_social_hover_links_color":"","ocean_disable_title":"default","ocean_disable_heading":"default","ocean_post_title":"","ocean_post_subheading":"","ocean_post_title_style":"","ocean_post_title_background_color":"","ocean_post_title_background":0,"ocean_post_title_bg_image_position":"","ocean_post_title_bg_image_attachment":"","ocean_post_title_bg_image_repeat":"","ocean_post_title_bg_image_size":"","ocean_post_title_height":0,"ocean_post_title_bg_overlay":0.5,"ocean_post_title_bg_overlay_color":"","ocean_disable_breadcrumbs":"default","ocean_breadcrumbs_color":"","ocean_breadcrumbs_separator_color":"","ocean_breadcrumbs_links_color":"","ocean_breadcrumbs_links_hover_color":"","ocean_display_footer_widgets":"default","ocean_display_footer_bottom":"default","ocean_custom_footer_template":"0","footnotes":""},"class_list":["post-1371","page","type-page","status-publish","hentry","entry"],"yoast_head":"<!-- This site is optimized with the Yoast SEO plugin v27.4 - https:\/\/yoast.com\/product\/yoast-seo-wordpress\/ -->\n<title>TABLES - WordPress<\/title>\n<meta name=\"robots\" content=\"index, follow, max-snippet:-1, max-image-preview:large, max-video-preview:-1\" \/>\n<link rel=\"canonical\" href=\"https:\/\/guillaumeleon.com\/index.php\/lampes-objects-deco\/tables\/\" \/>\n<meta property=\"og:locale\" content=\"fr_FR\" \/>\n<meta property=\"og:type\" content=\"article\" \/>\n<meta property=\"og:title\" content=\"TABLES - WordPress\" \/>\n<meta property=\"og:description\" content=\"TABLES TABLE AU GRIFFES. plateau en fr\u00eane 15cm hauteur: 60cm. diam\u00e8tre: 90cm environ TABLE MOTIF CELTIQUE. acier forg\u00e9\/verre 75x55x45cm TABLE CARR\u00c9E. t\u00f4le peinte 3mm 100x100x55cm miroirs TABLES\" \/>\n<meta property=\"og:url\" content=\"https:\/\/guillaumeleon.com\/index.php\/lampes-objects-deco\/tables\/\" \/>\n<meta property=\"og:site_name\" content=\"WordPress\" \/>\n<meta property=\"article:modified_time\" content=\"2022-11-28T14:52:24+00:00\" \/>\n<meta property=\"og:image\" content=\"https:\/\/guillaumeleon.com\/wp-content\/uploads\/2022\/11\/table-pates-dragon.jpg\" \/>\n<meta name=\"twitter:card\" content=\"summary_large_image\" \/>\n<meta name=\"twitter:label1\" content=\"Dur\u00e9e de lecture estim\u00e9e\" \/>\n\t<meta name=\"twitter:data1\" content=\"2 minutes\" \/>\n<script type=\"application\/ld+json\" class=\"yoast-schema-graph\">{\"@context\":\"https:\\\/\\\/schema.org\",\"@graph\":[{\"@type\":\"WebPage\",\"@id\":\"https:\\\/\\\/guillaumeleon.com\\\/index.php\\\/lampes-objects-deco\\\/tables\\\/\",\"url\":\"https:\\\/\\\/guillaumeleon.com\\\/index.php\\\/lampes-objects-deco\\\/tables\\\/\",\"name\":\"TABLES - WordPress\",\"isPartOf\":{\"@id\":\"https:\\\/\\\/guillaumeleon.com\\\/#website\"},\"primaryImageOfPage\":{\"@id\":\"https:\\\/\\\/guillaumeleon.com\\\/index.php\\\/lampes-objects-deco\\\/tables\\\/#primaryimage\"},\"image\":{\"@id\":\"https:\\\/\\\/guillaumeleon.com\\\/index.php\\\/lampes-objects-deco\\\/tables\\\/#primaryimage\"},\"thumbnailUrl\":\"https:\\\/\\\/guillaumeleon.com\\\/wp-content\\\/uploads\\\/2022\\\/11\\\/table-pates-dragon.jpg\",\"datePublished\":\"2022-11-28T14:21:42+00:00\",\"dateModified\":\"2022-11-28T14:52:24+00:00\",\"breadcrumb\":{\"@id\":\"https:\\\/\\\/guillaumeleon.com\\\/index.php\\\/lampes-objects-deco\\\/tables\\\/#breadcrumb\"},\"inLanguage\":\"fr-FR\",\"potentialAction\":[{\"@type\":\"ReadAction\",\"target\":[\"https:\\\/\\\/guillaumeleon.com\\\/index.php\\\/lampes-objects-deco\\\/tables\\\/\"]}]},{\"@type\":\"ImageObject\",\"inLanguage\":\"fr-FR\",\"@id\":\"https:\\\/\\\/guillaumeleon.com\\\/index.php\\\/lampes-objects-deco\\\/tables\\\/#primaryimage\",\"url\":\"https:\\\/\\\/guillaumeleon.com\\\/wp-content\\\/uploads\\\/2022\\\/11\\\/table-pates-dragon.jpg\",\"contentUrl\":\"https:\\\/\\\/guillaumeleon.com\\\/wp-content\\\/uploads\\\/2022\\\/11\\\/table-pates-dragon.jpg\",\"width\":900,\"height\":659},{\"@type\":\"BreadcrumbList\",\"@id\":\"https:\\\/\\\/guillaumeleon.com\\\/index.php\\\/lampes-objects-deco\\\/tables\\\/#breadcrumb\",\"itemListElement\":[{\"@type\":\"ListItem\",\"position\":1,\"name\":\"Accueil\",\"item\":\"https:\\\/\\\/guillaumeleon.com\\\/\"},{\"@type\":\"ListItem\",\"position\":2,\"name\":\"LAMPES-OBJECTS-DECO\",\"item\":\"https:\\\/\\\/guillaumeleon.com\\\/index.php\\\/lampes-objects-deco\\\/\"},{\"@type\":\"ListItem\",\"position\":3,\"name\":\"TABLES\"}]},{\"@type\":\"WebSite\",\"@id\":\"https:\\\/\\\/guillaumeleon.com\\\/#website\",\"url\":\"https:\\\/\\\/guillaumeleon.com\\\/\",\"name\":\"WordPress\",\"description\":\"Un site utilisant WordPress\",\"potentialAction\":[{\"@type\":\"SearchAction\",\"target\":{\"@type\":\"EntryPoint\",\"urlTemplate\":\"https:\\\/\\\/guillaumeleon.com\\\/?s={search_term_string}\"},\"query-input\":{\"@type\":\"PropertyValueSpecification\",\"valueRequired\":true,\"valueName\":\"search_term_string\"}}],\"inLanguage\":\"fr-FR\"}]}<\/script>\n<!-- \/ Yoast SEO plugin. -->","yoast_head_json":{"title":"TABLES - WordPress","robots":{"index":"index","follow":"follow","max-snippet":"max-snippet:-1","max-image-preview":"max-image-preview:large","max-video-preview":"max-video-preview:-1"},"canonical":"https:\/\/guillaumeleon.com\/index.php\/lampes-objects-deco\/tables\/","og_locale":"fr_FR","og_type":"article","og_title":"TABLES - WordPress","og_description":"TABLES TABLE AU GRIFFES. plateau en fr\u00eane 15cm hauteur: 60cm. diam\u00e8tre: 90cm environ TABLE MOTIF CELTIQUE. acier forg\u00e9\/verre 75x55x45cm TABLE CARR\u00c9E. t\u00f4le peinte 3mm 100x100x55cm miroirs TABLES","og_url":"https:\/\/guillaumeleon.com\/index.php\/lampes-objects-deco\/tables\/","og_site_name":"WordPress","article_modified_time":"2022-11-28T14:52:24+00:00","og_image":[{"url":"https:\/\/guillaumeleon.com\/wp-content\/uploads\/2022\/11\/table-pates-dragon.jpg","type":"","width":"","height":""}],"twitter_card":"summary_large_image","twitter_misc":{"Dur\u00e9e de lecture estim\u00e9e":"2 minutes"},"schema":{"@context":"https:\/\/schema.org","@graph":[{"@type":"WebPage","@id":"https:\/\/guillaumeleon.com\/index.php\/lampes-objects-deco\/tables\/","url":"https:\/\/guillaumeleon.com\/index.php\/lampes-objects-deco\/tables\/","name":"TABLES - WordPress","isPartOf":{"@id":"https:\/\/guillaumeleon.com\/#website"},"primaryImageOfPage":{"@id":"https:\/\/guillaumeleon.com\/index.php\/lampes-objects-deco\/tables\/#primaryimage"},"image":{"@id":"https:\/\/guillaumeleon.com\/index.php\/lampes-objects-deco\/tables\/#primaryimage"},"thumbnailUrl":"https:\/\/guillaumeleon.com\/wp-content\/uploads\/2022\/11\/table-pates-dragon.jpg","datePublished":"2022-11-28T14:21:42+00:00","dateModified":"2022-11-28T14:52:24+00:00","breadcrumb":{"@id":"https:\/\/guillaumeleon.com\/index.php\/lampes-objects-deco\/tables\/#breadcrumb"},"inLanguage":"fr-FR","potentialAction":[{"@type":"ReadAction","target":["https:\/\/guillaumeleon.com\/index.php\/lampes-objects-deco\/tables\/"]}]},{"@type":"ImageObject","inLanguage":"fr-FR","@id":"https:\/\/guillaumeleon.com\/index.php\/lampes-objects-deco\/tables\/#primaryimage","url":"https:\/\/guillaumeleon.com\/wp-content\/uploads\/2022\/11\/table-pates-dragon.jpg","contentUrl":"https:\/\/guillaumeleon.com\/wp-content\/uploads\/2022\/11\/table-pates-dragon.jpg","width":900,"height":659},{"@type":"BreadcrumbList","@id":"https:\/\/guillaumeleon.com\/index.php\/lampes-objects-deco\/tables\/#breadcrumb","itemListElement":[{"@type":"ListItem","position":1,"name":"Accueil","item":"https:\/\/guillaumeleon.com\/"},{"@type":"ListItem","position":2,"name":"LAMPES-OBJECTS-DECO","item":"https:\/\/guillaumeleon.com\/index.php\/lampes-objects-deco\/"},{"@type":"ListItem","position":3,"name":"TABLES"}]},{"@type":"WebSite","@id":"https:\/\/guillaumeleon.com\/#website","url":"https:\/\/guillaumeleon.com\/","name":"WordPress","description":"Un site utilisant WordPress","potentialAction":[{"@type":"SearchAction","target":{"@type":"EntryPoint","urlTemplate":"https:\/\/guillaumeleon.com\/?s={search_term_string}"},"query-input":{"@type":"PropertyValueSpecification","valueRequired":true,"valueName":"search_term_string"}}],"inLanguage":"fr-FR"}]}},"_links":{"self":[{"href":"https:\/\/guillaumeleon.com\/index.php\/wp-json\/wp\/v2\/pages\/1371","targetHints":{"allow":["GET"]}}],"collection":[{"href":"https:\/\/guillaumeleon.com\/index.php\/wp-json\/wp\/v2\/pages"}],"about":[{"href":"https:\/\/guillaumeleon.com\/index.php\/wp-json\/wp\/v2\/types\/page"}],"author":[{"embeddable":true,"href":"https:\/\/guillaumeleon.com\/index.php\/wp-json\/wp\/v2\/users\/1"}],"replies":[{"embeddable":true,"href":"https:\/\/guillaumeleon.com\/index.php\/wp-json\/wp\/v2\/comments?post=1371"}],"version-history":[{"count":19,"href":"https:\/\/guillaumeleon.com\/index.php\/wp-json\/wp\/v2\/pages\/1371\/revisions"}],"predecessor-version":[{"id":1394,"href":"https:\/\/guillaumeleon.com\/index.php\/wp-json\/wp\/v2\/pages\/1371\/revisions\/1394"}],"up":[{"embeddable":true,"href":"https:\/\/guillaumeleon.com\/index.php\/wp-json\/wp\/v2\/pages\/1092"}],"wp:attachment":[{"href":"https:\/\/guillaumeleon.com\/index.php\/wp-json\/wp\/v2\/media?parent=1371"}],"curies":[{"name":"wp","href":"https:\/\/api.w.org\/{rel}","templated":true}]}}